{"id":61,"date":"2020-05-29T13:43:30","date_gmt":"2020-05-29T11:43:30","guid":{"rendered":"https:\/\/www.lecarrouege.org\/?page_id=61"},"modified":"2024-03-29T10:43:13","modified_gmt":"2024-03-29T09:43:13","slug":"le-programme","status":"publish","type":"page","link":"https:\/\/www.lecarrouege.org\/index.php\/le-programme\/","title":{"rendered":"La programmation"},"content":{"rendered":"\n<div class=\"wp-block-group is-layout-constrained wp-block-group-is-layout-constrained\"><div class=\"wp-block-group__inner-container\">\n<p class=\"has-luminous-vivid-amber-color has-text-color has-link-color wp-elements-06dfb522df6c4289af97ece2e4f2f1bf\"><strong><a href=\"https:\/\/www.lecarrouege.org\/index.php\/le-calendrier-du-carrouege\/\"><em>Voir le calendrier du Carrou\u00e8ge<\/em><\/a><\/strong><\/p>\n<\/div><\/div>\n\n\n\n<p>Le Carrou\u00e8ge, c&rsquo;est la convivialit\u00e9 et l&rsquo;\u00e9change autour du bar et des repas mais c&rsquo;est aussi, chaque samedi et tout au long de l\u2019ann\u00e9e, une programmation \u00e9clectique\u00a0:<br>&#8211; \u00a0musique (traditionnelle, classique, pop, rock, \u00e9lectro),\u00a0<br>&#8211; spectacle ( th\u00e9\u00e2tre ou po\u00e9sie)\u00a0<br>&#8211; cin\u00e9-club d\u2019ici ou d\u2019ailleurs (dont Anne Faisandier, cin\u00e9aste, fait le choix des films documentaires)<br>&#8211; \u00a0lecture (revue de presse ou extrait de texte, la plupart ayant pour th\u00e8me la for\u00eat)<br>&#8211; conf\u00e9rences-d\u00e9bats (baptis\u00e9es \u00ab\u00a0caf\u00e9-for\u00eat\u00a0\u00bb) autour des propos qui nous animent et pour lesquels nous permettons la controverse\u2026<\/p>\n\n\n\n<p>Les &nbsp;intervenants du Morvan ont, en g\u00e9n\u00e9ral, la priorit\u00e9 mais nous sommes ravis de faire venir et d\u00e9couvrir des participants d&rsquo;ailleurs. Ainsi avons-nous re\u00e7u des Fran\u00e7ais de toutes provinces, des Belges, des Anglais, des Hollandais, des Qu\u00e9becois&#8230;, des tr\u00e8s connus et d\u2019autres moins mais, tous, ont fait participer le public pr\u00e9sent qui leur a renvoy\u00e9 la balle en mettant la main \u00e0 la poche lors du traditionnel passage de chapeau en fin de soir\u00e9e car l\u00e0 est le challenge&nbsp;: nous n\u2019avons pas de budget sp\u00e9cifique.<\/p>\n\n\n\n<p>C&rsquo;est ainsi que fonctionne la programmation&nbsp;: autant la v\u00f4tre que la n\u00f4tre.<br>En effet, pour y avoir une date, il suffit de t\u00e9l\u00e9phoner au 06 83 71 99 10 et de vous pr\u00e9senter ou nous indiquer des personnes susceptibles de partager leurs connaissances sur les th\u00e8mes qui sont les n\u00f4tres. Ne vous g\u00eanez pas : nous sommes friands de d\u00e9couverte.<\/p>\n\n\n\n<p class=\"has-luminous-vivid-amber-color has-text-color has-link-color wp-elements-06dfb522df6c4289af97ece2e4f2f1bf\"><strong><a href=\"https:\/\/www.lecarrouege.org\/index.php\/le-calendrier-du-carrouege\/\"><em>Voir le calendrier du Carrou\u00e8ge<\/em><\/a><\/strong><\/p>\n","protected":false},"excerpt":{"rendered":"<p>Voir le calendrier du Carrou\u00e8ge Le Carrou\u00e8ge, c&rsquo;est la convivialit\u00e9 et l&rsquo;\u00e9change autour du bar et des repas mais c&rsquo;est aussi, chaque samedi et&#8230;<\/p>\n","protected":false},"author":1,"featured_media":127,"parent":0,"menu_order":0,"comment_status":"closed","ping_status":"closed","template":"","meta":{"_acf_changed":false,"footnotes":""},"acf":[],"yoast_head":"<!-- This site is optimized with the Yoast SEO plugin v23.5 - https:\/\/yoast.com\/wordpress\/plugins\/seo\/ -->\n<title>La programmation - Le Carrou\u00e8ge<\/title>\n<meta name=\"robots\" content=\"index, follow, max-snippet:-1, max-image-preview:large, max-video-preview:-1\" \/>\n<link rel=\"canonical\" href=\"https:\/\/www.lecarrouege.org\/index.php\/le-programme\/\" \/>\n<meta property=\"og:locale\" content=\"fr_FR\" \/>\n<meta property=\"og:type\" content=\"article\" \/>\n<meta property=\"og:title\" content=\"La programmation - Le Carrou\u00e8ge\" \/>\n<meta property=\"og:description\" content=\"Voir le calendrier du Carrou\u00e8ge Le Carrou\u00e8ge, c&rsquo;est la convivialit\u00e9 et l&rsquo;\u00e9change autour du bar et des repas mais c&rsquo;est aussi, chaque samedi et...\" \/>\n<meta property=\"og:url\" content=\"https:\/\/www.lecarrouege.org\/index.php\/le-programme\/\" \/>\n<meta property=\"og:site_name\" content=\"Le Carrou\u00e8ge\" \/>\n<meta property=\"article:publisher\" content=\"https:\/\/www.facebook.com\/AdretMorvan\/\" \/>\n<meta property=\"article:modified_time\" content=\"2024-03-29T09:43:13+00:00\" \/>\n<meta property=\"og:image\" content=\"https:\/\/www.lecarrouege.org\/wp-content\/uploads\/2020\/06\/Bandeaux-programmation-LT.jpg\" \/>\n\t<meta property=\"og:image:width\" content=\"1800\" \/>\n\t<meta property=\"og:image:height\" content=\"594\" \/>\n\t<meta property=\"og:image:type\" content=\"image\/jpeg\" \/>\n<meta name=\"twitter:card\" content=\"summary_large_image\" \/>\n<meta name=\"twitter:label1\" content=\"Dur\u00e9e de lecture estim\u00e9e\" \/>\n\t<meta name=\"twitter:data1\" content=\"2 minutes\" \/>\n<script type=\"application\/ld+json\" class=\"yoast-schema-graph\">{\"@context\":\"https:\/\/schema.org\",\"@graph\":[{\"@type\":\"WebPage\",\"@id\":\"https:\/\/www.lecarrouege.org\/index.php\/le-programme\/\",\"url\":\"https:\/\/www.lecarrouege.org\/index.php\/le-programme\/\",\"name\":\"La programmation - Le Carrou\u00e8ge\",\"isPartOf\":{\"@id\":\"https:\/\/www.lecarrouege.org\/#website\"},\"primaryImageOfPage\":{\"@id\":\"https:\/\/www.lecarrouege.org\/index.php\/le-programme\/#primaryimage\"},\"image\":{\"@id\":\"https:\/\/www.lecarrouege.org\/index.php\/le-programme\/#primaryimage\"},\"thumbnailUrl\":\"https:\/\/www.lecarrouege.org\/wp-content\/uploads\/2020\/06\/Bandeaux-programmation-LT.jpg\",\"datePublished\":\"2020-05-29T11:43:30+00:00\",\"dateModified\":\"2024-03-29T09:43:13+00:00\",\"breadcrumb\":{\"@id\":\"https:\/\/www.lecarrouege.org\/index.php\/le-programme\/#breadcrumb\"},\"inLanguage\":\"fr-FR\",\"potentialAction\":[{\"@type\":\"ReadAction\",\"target\":[\"https:\/\/www.lecarrouege.org\/index.php\/le-programme\/\"]}]},{\"@type\":\"ImageObject\",\"inLanguage\":\"fr-FR\",\"@id\":\"https:\/\/www.lecarrouege.org\/index.php\/le-programme\/#primaryimage\",\"url\":\"https:\/\/www.lecarrouege.org\/wp-content\/uploads\/2020\/06\/Bandeaux-programmation-LT.jpg\",\"contentUrl\":\"https:\/\/www.lecarrouege.org\/wp-content\/uploads\/2020\/06\/Bandeaux-programmation-LT.jpg\",\"width\":1800,\"height\":594,\"caption\":\"Une programmation \u00e9clectique\"},{\"@type\":\"BreadcrumbList\",\"@id\":\"https:\/\/www.lecarrouege.org\/index.php\/le-programme\/#breadcrumb\",\"itemListElement\":[{\"@type\":\"ListItem\",\"position\":1,\"name\":\"Accueil\",\"item\":\"https:\/\/www.lecarrouege.org\/\"},{\"@type\":\"ListItem\",\"position\":2,\"name\":\"La programmation\"}]},{\"@type\":\"WebSite\",\"@id\":\"https:\/\/www.lecarrouege.org\/#website\",\"url\":\"https:\/\/www.lecarrouege.org\/\",\"name\":\"Le Carrou\u00e8ge\",\"description\":\"L&#039;\u00e9colieu d&#039;Adret Morvan\",\"potentialAction\":[{\"@type\":\"SearchAction\",\"target\":{\"@type\":\"EntryPoint\",\"urlTemplate\":\"https:\/\/www.lecarrouege.org\/?s={search_term_string}\"},\"query-input\":{\"@type\":\"PropertyValueSpecification\",\"valueRequired\":true,\"valueName\":\"search_term_string\"}}],\"inLanguage\":\"fr-FR\"}]}<\/script>\n<!-- \/ Yoast SEO plugin. -->","yoast_head_json":{"title":"La programmation - Le Carrou\u00e8ge","robots":{"index":"index","follow":"follow","max-snippet":"max-snippet:-1","max-image-preview":"max-image-preview:large","max-video-preview":"max-video-preview:-1"},"canonical":"https:\/\/www.lecarrouege.org\/index.php\/le-programme\/","og_locale":"fr_FR","og_type":"article","og_title":"La programmation - Le Carrou\u00e8ge","og_description":"Voir le calendrier du Carrou\u00e8ge Le Carrou\u00e8ge, c&rsquo;est la convivialit\u00e9 et l&rsquo;\u00e9change autour du bar et des repas mais c&rsquo;est aussi, chaque samedi et...","og_url":"https:\/\/www.lecarrouege.org\/index.php\/le-programme\/","og_site_name":"Le Carrou\u00e8ge","article_publisher":"https:\/\/www.facebook.com\/AdretMorvan\/","article_modified_time":"2024-03-29T09:43:13+00:00","og_image":[{"width":1800,"height":594,"url":"https:\/\/www.lecarrouege.org\/wp-content\/uploads\/2020\/06\/Bandeaux-programmation-LT.jpg","type":"image\/jpeg"}],"twitter_card":"summary_large_image","twitter_misc":{"Dur\u00e9e de lecture estim\u00e9e":"2 minutes"},"schema":{"@context":"https:\/\/schema.org","@graph":[{"@type":"WebPage","@id":"https:\/\/www.lecarrouege.org\/index.php\/le-programme\/","url":"https:\/\/www.lecarrouege.org\/index.php\/le-programme\/","name":"La programmation - Le Carrou\u00e8ge","isPartOf":{"@id":"https:\/\/www.lecarrouege.org\/#website"},"primaryImageOfPage":{"@id":"https:\/\/www.lecarrouege.org\/index.php\/le-programme\/#primaryimage"},"image":{"@id":"https:\/\/www.lecarrouege.org\/index.php\/le-programme\/#primaryimage"},"thumbnailUrl":"https:\/\/www.lecarrouege.org\/wp-content\/uploads\/2020\/06\/Bandeaux-programmation-LT.jpg","datePublished":"2020-05-29T11:43:30+00:00","dateModified":"2024-03-29T09:43:13+00:00","breadcrumb":{"@id":"https:\/\/www.lecarrouege.org\/index.php\/le-programme\/#breadcrumb"},"inLanguage":"fr-FR","potentialAction":[{"@type":"ReadAction","target":["https:\/\/www.lecarrouege.org\/index.php\/le-programme\/"]}]},{"@type":"ImageObject","inLanguage":"fr-FR","@id":"https:\/\/www.lecarrouege.org\/index.php\/le-programme\/#primaryimage","url":"https:\/\/www.lecarrouege.org\/wp-content\/uploads\/2020\/06\/Bandeaux-programmation-LT.jpg","contentUrl":"https:\/\/www.lecarrouege.org\/wp-content\/uploads\/2020\/06\/Bandeaux-programmation-LT.jpg","width":1800,"height":594,"caption":"Une programmation \u00e9clectique"},{"@type":"BreadcrumbList","@id":"https:\/\/www.lecarrouege.org\/index.php\/le-programme\/#breadcrumb","itemListElement":[{"@type":"ListItem","position":1,"name":"Accueil","item":"https:\/\/www.lecarrouege.org\/"},{"@type":"ListItem","position":2,"name":"La programmation"}]},{"@type":"WebSite","@id":"https:\/\/www.lecarrouege.org\/#website","url":"https:\/\/www.lecarrouege.org\/","name":"Le Carrou\u00e8ge","description":"L&#039;\u00e9colieu d&#039;Adret Morvan","potentialAction":[{"@type":"SearchAction","target":{"@type":"EntryPoint","urlTemplate":"https:\/\/www.lecarrouege.org\/?s={search_term_string}"},"query-input":{"@type":"PropertyValueSpecification","valueRequired":true,"valueName":"search_term_string"}}],"inLanguage":"fr-FR"}]}},"mfb_rest_fields":["yoast_head","yoast_head_json"],"_links":{"self":[{"href":"https:\/\/www.lecarrouege.org\/index.php\/wp-json\/wp\/v2\/pages\/61"}],"collection":[{"href":"https:\/\/www.lecarrouege.org\/index.php\/wp-json\/wp\/v2\/pages"}],"about":[{"href":"https:\/\/www.lecarrouege.org\/index.php\/wp-json\/wp\/v2\/types\/page"}],"author":[{"embeddable":true,"href":"https:\/\/www.lecarrouege.org\/index.php\/wp-json\/wp\/v2\/users\/1"}],"replies":[{"embeddable":true,"href":"https:\/\/www.lecarrouege.org\/index.php\/wp-json\/wp\/v2\/comments?post=61"}],"version-history":[{"count":6,"href":"https:\/\/www.lecarrouege.org\/index.php\/wp-json\/wp\/v2\/pages\/61\/revisions"}],"predecessor-version":[{"id":2643,"href":"https:\/\/www.lecarrouege.org\/index.php\/wp-json\/wp\/v2\/pages\/61\/revisions\/2643"}],"wp:featuredmedia":[{"embeddable":true,"href":"https:\/\/www.lecarrouege.org\/index.php\/wp-json\/wp\/v2\/media\/127"}],"wp:attachment":[{"href":"https:\/\/www.lecarrouege.org\/index.php\/wp-json\/wp\/v2\/media?parent=61"}],"curies":[{"name":"wp","href":"https:\/\/api.w.org\/{rel}","templated":true}]}}