{"id":2646,"date":"2024-03-29T11:10:57","date_gmt":"2024-03-29T10:10:57","guid":{"rendered":"https:\/\/www.lecarrouege.org\/?page_id=2646"},"modified":"2025-09-26T11:10:57","modified_gmt":"2025-09-26T09:10:57","slug":"accueil-le-carrouege","status":"publish","type":"page","link":"https:\/\/www.lecarrouege.org\/","title":{"rendered":"Le carrou\u00e8ge accueil"},"content":{"rendered":"\n<h2 class=\"wp-block-heading\">Prochain \u00e9v\u00e8nement<\/h2>\n\n\n\n<div class=\"wp-block-query is-layout-flow wp-block-query-is-layout-flow\"><ul class=\"wp-block-post-template is-layout-flow wp-block-post-template-is-layout-flow\"><li class=\"wp-block-post post-3172 evenement type-evenement status-publish format-standard has-post-thumbnail hentry category-programmation category-spectacle\">\n<figure style=\"aspect-ratio:auto;\" class=\"wp-block-post-featured-image\"><a href=\"https:\/\/www.lecarrouege.org\/index.php\/evenement\/piece-musicale-el-duende-de-roberto-senar-poy\/\" target=\"_self\"  ><img loading=\"lazy\" decoding=\"async\" width=\"1236\" height=\"820\" src=\"https:\/\/www.lecarrouege.org\/wp-content\/uploads\/2026\/04\/piece-musicale-El-Duende-de-Roberto-Senar-Poy-au-Carrouege-.jpg\" class=\"attachment-post-thumbnail size-post-thumbnail wp-post-image\" alt=\"Pi\u00e8ce musicale El Duende de Roberto Senar Poy\" style=\"width:100%;height:100%;object-fit:cover;\" srcset=\"https:\/\/www.lecarrouege.org\/wp-content\/uploads\/2026\/04\/piece-musicale-El-Duende-de-Roberto-Senar-Poy-au-Carrouege-.jpg 1236w, https:\/\/www.lecarrouege.org\/wp-content\/uploads\/2026\/04\/piece-musicale-El-Duende-de-Roberto-Senar-Poy-au-Carrouege--300x199.jpg 300w, https:\/\/www.lecarrouege.org\/wp-content\/uploads\/2026\/04\/piece-musicale-El-Duende-de-Roberto-Senar-Poy-au-Carrouege--1024x679.jpg 1024w, https:\/\/www.lecarrouege.org\/wp-content\/uploads\/2026\/04\/piece-musicale-El-Duende-de-Roberto-Senar-Poy-au-Carrouege--768x510.jpg 768w\" sizes=\"(max-width: 1236px) 100vw, 1236px\" \/><\/a><\/figure>\n\n<h2 class=\"wp-block-post-title\"><a href=\"https:\/\/www.lecarrouege.org\/index.php\/evenement\/piece-musicale-el-duende-de-roberto-senar-poy\/\" target=\"_self\" >Pi\u00e8ce musicale El Duende de Roberto Senar Poy<\/a><\/h2>\n\n<div style=\"font-style:normal;font-weight:700;\" class=\"is-acf-field is-date_time_picker-field is-display-inline-block wp-block-mfb-meta-field-block has-medium-font-size\"><div class=\"prefix\">Date de l&rsquo;\u00e9v\u00e8nement : <\/div><div class=\"value\">2026-04-18 19:00:00<\/div><\/div>\n\n\n<div style=\"height:20px\" aria-hidden=\"true\" class=\"wp-block-spacer\"><\/div>\n\n\n<div class=\"wp-block-post-excerpt\"><p class=\"wp-block-post-excerpt__excerpt\">Roberto Senar Poy, artiste aragonais reconnu est pass\u00e9 par de multiples domaines en tant qu\u2019acteur, auteur de po\u00e9sies d\u2019\u0153uvres d\u2019art plastiques, cr\u00e9ateur de compagnie,&#8230;<\/p><p class=\"wp-block-post-excerpt__more-text\"><a class=\"wp-block-post-excerpt__more-link\" href=\"https:\/\/www.lecarrouege.org\/index.php\/evenement\/piece-musicale-el-duende-de-roberto-senar-poy\/\">Lire la suite<\/a><\/p><\/div>\n\n\n<div class=\"wp-block-buttons is-content-justification-center is-layout-flex wp-container-core-buttons-layout-1 wp-block-buttons-is-layout-flex\">\n<div class=\"wp-block-button\"><a class=\"wp-block-button__link has-background wp-element-button\" href=\"https:\/\/www.lecarrouege.org\/index.php\/le-calendrier-du-carrouege\/\" style=\"background-color:#046a45\">Voir toute la programmation<\/a><\/div>\n<\/div>\n\n\n\n<hr class=\"wp-block-separator has-alpha-channel-opacity is-style-wide\"\/>\n\n<\/li><li class=\"wp-block-post post-3176 evenement type-evenement status-publish format-standard has-post-thumbnail hentry category-formation-foret category-programmation\">\n<figure style=\"aspect-ratio:auto;\" class=\"wp-block-post-featured-image\"><a href=\"https:\/\/www.lecarrouege.org\/index.php\/evenement\/ballade-en-foret-avec-stanislas-sizaret-a-la-decouverte-des-sources\/\" target=\"_self\"  ><img loading=\"lazy\" decoding=\"async\" width=\"564\" height=\"417\" src=\"https:\/\/www.lecarrouege.org\/wp-content\/uploads\/2026\/04\/Ballade-en-foret-avec-Stanislas-Sizaret-a-la-decouverte-des-sources.jpg\" class=\"attachment-post-thumbnail size-post-thumbnail wp-post-image\" alt=\"Ballade en for\u00eat avec Stanislas Sizaret \u00e0 la d\u00e9couverte des sources\" style=\"width:100%;height:100%;object-fit:cover;\" srcset=\"https:\/\/www.lecarrouege.org\/wp-content\/uploads\/2026\/04\/Ballade-en-foret-avec-Stanislas-Sizaret-a-la-decouverte-des-sources.jpg 564w, https:\/\/www.lecarrouege.org\/wp-content\/uploads\/2026\/04\/Ballade-en-foret-avec-Stanislas-Sizaret-a-la-decouverte-des-sources-300x222.jpg 300w\" sizes=\"(max-width: 564px) 100vw, 564px\" \/><\/a><\/figure>\n\n<h2 class=\"wp-block-post-title\"><a href=\"https:\/\/www.lecarrouege.org\/index.php\/evenement\/ballade-en-foret-avec-stanislas-sizaret-a-la-decouverte-des-sources\/\" target=\"_self\" >Ballade en for\u00eat avec Stanislas Sizaret \u00e0 la d\u00e9couverte des sources<\/a><\/h2>\n\n<div style=\"font-style:normal;font-weight:700;\" class=\"is-acf-field is-date_time_picker-field is-display-inline-block wp-block-mfb-meta-field-block has-medium-font-size\"><div class=\"prefix\">Date de l&rsquo;\u00e9v\u00e8nement : <\/div><div class=\"value\">2026-04-26 10:00:00<\/div><\/div>\n\n\n<div style=\"height:20px\" aria-hidden=\"true\" class=\"wp-block-spacer\"><\/div>\n\n\n<div class=\"wp-block-post-excerpt\"><p class=\"wp-block-post-excerpt__excerpt\">Rendez-vous au Carrou\u00e8ge \u00e0 10h. La ballade est programm\u00e9e dans les alentours de Lormes.Nous vous donnerons plus d&rsquo;information dans notre prochaine lettre.<\/p><p class=\"wp-block-post-excerpt__more-text\"><a class=\"wp-block-post-excerpt__more-link\" href=\"https:\/\/www.lecarrouege.org\/index.php\/evenement\/ballade-en-foret-avec-stanislas-sizaret-a-la-decouverte-des-sources\/\">Lire la suite<\/a><\/p><\/div>\n\n\n<div class=\"wp-block-buttons is-content-justification-center is-layout-flex wp-container-core-buttons-layout-2 wp-block-buttons-is-layout-flex\">\n<div class=\"wp-block-button\"><a class=\"wp-block-button__link has-background wp-element-button\" href=\"https:\/\/www.lecarrouege.org\/index.php\/le-calendrier-du-carrouege\/\" style=\"background-color:#046a45\">Voir toute la programmation<\/a><\/div>\n<\/div>\n\n\n\n<hr class=\"wp-block-separator has-alpha-channel-opacity is-style-wide\"\/>\n\n<\/li><\/ul><\/div>\n\n\n\n<h2 class=\"wp-block-heading\">Infos du Carrou\u00e8ge<\/h2>\n\n\n\n<div class=\"wp-block-query is-layout-flow wp-block-query-is-layout-flow\"><ul class=\"wp-block-post-template is-layout-flow wp-block-post-template-is-layout-flow\"><li class=\"wp-block-post post-2856 post type-post status-publish format-standard has-post-thumbnail hentry category-la-petite-halle\">\n<div class=\"wp-block-post-date\"><time datetime=\"2024-12-14T12:46:06+01:00\">14 d\u00e9cembre 2024<\/time><\/div>\n\n<figure class=\"wp-block-post-featured-image\"><img loading=\"lazy\" decoding=\"async\" width=\"1500\" height=\"996\" src=\"https:\/\/www.lecarrouege.org\/wp-content\/uploads\/2023\/12\/noix-de-la-drome-1.jpg\" class=\"attachment-post-thumbnail size-post-thumbnail wp-post-image\" alt=\"\" style=\"object-fit:cover;\" srcset=\"https:\/\/www.lecarrouege.org\/wp-content\/uploads\/2023\/12\/noix-de-la-drome-1.jpg 1500w, https:\/\/www.lecarrouege.org\/wp-content\/uploads\/2023\/12\/noix-de-la-drome-1-300x199.jpg 300w, https:\/\/www.lecarrouege.org\/wp-content\/uploads\/2023\/12\/noix-de-la-drome-1-1024x680.jpg 1024w, https:\/\/www.lecarrouege.org\/wp-content\/uploads\/2023\/12\/noix-de-la-drome-1-768x510.jpg 768w, https:\/\/www.lecarrouege.org\/wp-content\/uploads\/2023\/12\/noix-de-la-drome-1-1320x876.jpg 1320w\" sizes=\"(max-width: 1500px) 100vw, 1500px\" \/><\/figure>\n\n<div class=\"wp-block-post-excerpt\"><p class=\"wp-block-post-excerpt__excerpt\">Comme l&rsquo;ann\u00e9e derni\u00e8re nous vous proposons un achat group\u00e9 de noix bio du Diois (Dr\u00f4me) cultiv\u00e9es sans arrosage (m\u00eame producteur que l&rsquo;ann\u00e9e derni\u00e8re). Install\u00e9&#8230; <\/p><\/div>\n<\/li><li class=\"wp-block-post post-2744 post type-post status-publish format-standard hentry category-non-classe\">\n<div class=\"wp-block-post-date\"><time datetime=\"2024-05-29T10:18:25+02:00\">29 mai 2024<\/time><\/div>\n\n\n\n<div class=\"wp-block-post-excerpt\"><p class=\"wp-block-post-excerpt__excerpt\"> <\/p><\/div>\n<\/li><li class=\"wp-block-post post-2684 post type-post status-publish format-standard hentry category-programmation\">\n<div class=\"wp-block-post-date\"><time datetime=\"2024-04-06T15:43:03+02:00\">6 avril 2024<\/time><\/div>\n\n\n\n<div class=\"wp-block-post-excerpt\"><p class=\"wp-block-post-excerpt__excerpt\"> <\/p><\/div>\n<\/li><\/ul>\n\n<nav class=\"aligncenter wp-block-query-pagination is-layout-flex wp-block-query-pagination-is-layout-flex\" aria-label=\"Pagination\">\n\n\n<div class=\"wp-block-query-pagination-numbers\"><span aria-current=\"page\" class=\"page-numbers current\">1<\/span>\n<a class=\"page-numbers\" href=\"?query-3-page=2\">2<\/a>\n<a class=\"page-numbers\" href=\"?query-3-page=3\">3<\/a>\n<span class=\"page-numbers dots\">\u2026<\/span>\n<a class=\"page-numbers\" href=\"?query-3-page=8\">8<\/a><\/div>\n\n<a href=\"\/index.php\/wp-json\/wp\/v2\/pages\/2646?query-3-page=2\" class=\"wp-block-query-pagination-next\">Page suivante<\/a>\n<\/nav>\n\n<\/div>\n","protected":false},"excerpt":{"rendered":"<p>Prochain \u00e9v\u00e8nement Infos du Carrou\u00e8ge<\/p>\n","protected":false},"author":6,"featured_media":0,"parent":0,"menu_order":0,"comment_status":"closed","ping_status":"closed","template":"","meta":{"_acf_changed":false,"footnotes":""},"acf":[],"yoast_head":"<!-- This site is optimized with the Yoast SEO plugin v23.5 - https:\/\/yoast.com\/wordpress\/plugins\/seo\/ -->\n<title>Le carrou\u00e8ge accueil - Le Carrou\u00e8ge<\/title>\n<meta name=\"robots\" content=\"index, follow, max-snippet:-1, max-image-preview:large, max-video-preview:-1\" \/>\n<link rel=\"canonical\" href=\"https:\/\/www.lecarrouege.org\/\" \/>\n<link rel=\"next\" href=\"https:\/\/www.lecarrouege.org\/index.php\/wp-json\/wp\/v2\/pages\/2646?query-3-page=2\" \/>\n<meta property=\"og:locale\" content=\"fr_FR\" \/>\n<meta property=\"og:type\" content=\"article\" \/>\n<meta property=\"og:title\" content=\"Le carrou\u00e8ge accueil - Le Carrou\u00e8ge\" \/>\n<meta property=\"og:description\" content=\"Prochain \u00e9v\u00e8nement Infos du Carrou\u00e8ge\" \/>\n<meta property=\"og:url\" content=\"https:\/\/www.lecarrouege.org\/\" \/>\n<meta property=\"og:site_name\" content=\"Le Carrou\u00e8ge\" \/>\n<meta property=\"article:publisher\" content=\"https:\/\/www.facebook.com\/AdretMorvan\/\" \/>\n<meta property=\"article:modified_time\" content=\"2025-09-26T09:10:57+00:00\" \/>\n<meta name=\"twitter:card\" content=\"summary_large_image\" \/>\n<meta name=\"twitter:label1\" content=\"Dur\u00e9e de lecture estim\u00e9e\" \/>\n\t<meta name=\"twitter:data1\" content=\"1 minute\" \/>\n<script type=\"application\/ld+json\" class=\"yoast-schema-graph\">{\"@context\":\"https:\/\/schema.org\",\"@graph\":[{\"@type\":\"WebPage\",\"@id\":\"https:\/\/www.lecarrouege.org\/\",\"url\":\"https:\/\/www.lecarrouege.org\/\",\"name\":\"Le carrou\u00e8ge accueil - Le Carrou\u00e8ge\",\"isPartOf\":{\"@id\":\"https:\/\/www.lecarrouege.org\/#website\"},\"datePublished\":\"2024-03-29T10:10:57+00:00\",\"dateModified\":\"2025-09-26T09:10:57+00:00\",\"breadcrumb\":{\"@id\":\"https:\/\/www.lecarrouege.org\/#breadcrumb\"},\"inLanguage\":\"fr-FR\",\"potentialAction\":[{\"@type\":\"ReadAction\",\"target\":[\"https:\/\/www.lecarrouege.org\/\"]}]},{\"@type\":\"BreadcrumbList\",\"@id\":\"https:\/\/www.lecarrouege.org\/#breadcrumb\",\"itemListElement\":[{\"@type\":\"ListItem\",\"position\":1,\"name\":\"Accueil\",\"item\":\"https:\/\/www.lecarrouege.org\/\"},{\"@type\":\"ListItem\",\"position\":2,\"name\":\"Le carrou\u00e8ge accueil\"}]},{\"@type\":\"WebSite\",\"@id\":\"https:\/\/www.lecarrouege.org\/#website\",\"url\":\"https:\/\/www.lecarrouege.org\/\",\"name\":\"Le Carrou\u00e8ge\",\"description\":\"L&#039;\u00e9colieu d&#039;Adret Morvan\",\"potentialAction\":[{\"@type\":\"SearchAction\",\"target\":{\"@type\":\"EntryPoint\",\"urlTemplate\":\"https:\/\/www.lecarrouege.org\/?s={search_term_string}\"},\"query-input\":{\"@type\":\"PropertyValueSpecification\",\"valueRequired\":true,\"valueName\":\"search_term_string\"}}],\"inLanguage\":\"fr-FR\"}]}<\/script>\n<!-- \/ Yoast SEO plugin. -->","yoast_head_json":{"title":"Le carrou\u00e8ge accueil - Le Carrou\u00e8ge","robots":{"index":"index","follow":"follow","max-snippet":"max-snippet:-1","max-image-preview":"max-image-preview:large","max-video-preview":"max-video-preview:-1"},"canonical":"https:\/\/www.lecarrouege.org\/","next":"https:\/\/www.lecarrouege.org\/index.php\/wp-json\/wp\/v2\/pages\/2646?query-3-page=2","og_locale":"fr_FR","og_type":"article","og_title":"Le carrou\u00e8ge accueil - Le Carrou\u00e8ge","og_description":"Prochain \u00e9v\u00e8nement Infos du Carrou\u00e8ge","og_url":"https:\/\/www.lecarrouege.org\/","og_site_name":"Le Carrou\u00e8ge","article_publisher":"https:\/\/www.facebook.com\/AdretMorvan\/","article_modified_time":"2025-09-26T09:10:57+00:00","twitter_card":"summary_large_image","twitter_misc":{"Dur\u00e9e de lecture estim\u00e9e":"1 minute"},"schema":{"@context":"https:\/\/schema.org","@graph":[{"@type":"WebPage","@id":"https:\/\/www.lecarrouege.org\/","url":"https:\/\/www.lecarrouege.org\/","name":"Le carrou\u00e8ge accueil - Le Carrou\u00e8ge","isPartOf":{"@id":"https:\/\/www.lecarrouege.org\/#website"},"datePublished":"2024-03-29T10:10:57+00:00","dateModified":"2025-09-26T09:10:57+00:00","breadcrumb":{"@id":"https:\/\/www.lecarrouege.org\/#breadcrumb"},"inLanguage":"fr-FR","potentialAction":[{"@type":"ReadAction","target":["https:\/\/www.lecarrouege.org\/"]}]},{"@type":"BreadcrumbList","@id":"https:\/\/www.lecarrouege.org\/#breadcrumb","itemListElement":[{"@type":"ListItem","position":1,"name":"Accueil","item":"https:\/\/www.lecarrouege.org\/"},{"@type":"ListItem","position":2,"name":"Le carrou\u00e8ge accueil"}]},{"@type":"WebSite","@id":"https:\/\/www.lecarrouege.org\/#website","url":"https:\/\/www.lecarrouege.org\/","name":"Le Carrou\u00e8ge","description":"L&#039;\u00e9colieu d&#039;Adret Morvan","potentialAction":[{"@type":"SearchAction","target":{"@type":"EntryPoint","urlTemplate":"https:\/\/www.lecarrouege.org\/?s={search_term_string}"},"query-input":{"@type":"PropertyValueSpecification","valueRequired":true,"valueName":"search_term_string"}}],"inLanguage":"fr-FR"}]}},"mfb_rest_fields":["yoast_head","yoast_head_json"],"_links":{"self":[{"href":"https:\/\/www.lecarrouege.org\/index.php\/wp-json\/wp\/v2\/pages\/2646"}],"collection":[{"href":"https:\/\/www.lecarrouege.org\/index.php\/wp-json\/wp\/v2\/pages"}],"about":[{"href":"https:\/\/www.lecarrouege.org\/index.php\/wp-json\/wp\/v2\/types\/page"}],"author":[{"embeddable":true,"href":"https:\/\/www.lecarrouege.org\/index.php\/wp-json\/wp\/v2\/users\/6"}],"replies":[{"embeddable":true,"href":"https:\/\/www.lecarrouege.org\/index.php\/wp-json\/wp\/v2\/comments?post=2646"}],"version-history":[{"count":32,"href":"https:\/\/www.lecarrouege.org\/index.php\/wp-json\/wp\/v2\/pages\/2646\/revisions"}],"predecessor-version":[{"id":3080,"href":"https:\/\/www.lecarrouege.org\/index.php\/wp-json\/wp\/v2\/pages\/2646\/revisions\/3080"}],"wp:attachment":[{"href":"https:\/\/www.lecarrouege.org\/index.php\/wp-json\/wp\/v2\/media?parent=2646"}],"curies":[{"name":"wp","href":"https:\/\/api.w.org\/{rel}","templated":true}]}}