{"id":22,"date":"2020-05-15T12:27:46","date_gmt":"2020-05-15T10:27:46","guid":{"rendered":"http:\/\/www.lecarrouege.org\/?page_id=22"},"modified":"2024-09-23T18:50:40","modified_gmt":"2024-09-23T16:50:40","slug":"la-petite-halle","status":"publish","type":"page","link":"https:\/\/www.lecarrouege.org\/index.php\/la-petite-halle\/","title":{"rendered":"La Petite Halle"},"content":{"rendered":"\n<figure class=\"wp-block-image size-large\"><img loading=\"lazy\" decoding=\"async\" width=\"1024\" height=\"234\" src=\"https:\/\/www.lecarrouege.org\/wp-content\/uploads\/2020\/05\/bandeau-carrouege-BOUTIQUE2-1024x234.jpg\" alt=\"\" class=\"wp-image-47\" srcset=\"https:\/\/www.lecarrouege.org\/wp-content\/uploads\/2020\/05\/bandeau-carrouege-BOUTIQUE2-1024x234.jpg 1024w, https:\/\/www.lecarrouege.org\/wp-content\/uploads\/2020\/05\/bandeau-carrouege-BOUTIQUE2-600x137.jpg 600w, https:\/\/www.lecarrouege.org\/wp-content\/uploads\/2020\/05\/bandeau-carrouege-BOUTIQUE2-300x69.jpg 300w, https:\/\/www.lecarrouege.org\/wp-content\/uploads\/2020\/05\/bandeau-carrouege-BOUTIQUE2-768x176.jpg 768w, https:\/\/www.lecarrouege.org\/wp-content\/uploads\/2020\/05\/bandeau-carrouege-BOUTIQUE2.jpg 1500w\" sizes=\"(max-width: 1024px) 100vw, 1024px\" \/><\/figure>\n\n\n\n<p><\/p>\n\n\n\n<p class=\"has-text-align-center\">Carrefour de Vauclaix<br>58140 Vauclaix<\/p>\n\n\n\n<p>Thierry, Sylvie, Malika, Catherine, Mich\u00e8le, Jean-Fran\u00e7ois, Patricia, C\u00e9cile, Fu fen, Anne F, Patrick, Anne D vous accueillent:<br>le mercredi de 10h \u00e0 13h <br>du Samedi du 1er avril au 1er novembre\u00a0 de 15h30 \u00e0 19h00 <\/p>\n\n\n\n<p>du Samedi 1er novembre au 1er avril de 15h30 \u00e0 18h<\/p>\n\n\n\n<p>Delphine assure la distribution du pain (command\u00e9 au plus tard le jeudi pr\u00e9c\u00e9dent): <br>le samedi de 16h30 \u00e0 17h30.<\/p>\n","protected":false},"excerpt":{"rendered":"<p>Carrefour de Vauclaix58140 Vauclaix Thierry, Sylvie, Malika, Catherine, Mich\u00e8le, Jean-Fran\u00e7ois, Patricia, C\u00e9cile, Fu fen, Anne F, Patrick, Anne D vous accueillent:le mercredi de 10h&#8230;<\/p>\n","protected":false},"author":1,"featured_media":128,"parent":0,"menu_order":0,"comment_status":"closed","ping_status":"closed","template":"","meta":{"_acf_changed":false,"footnotes":""},"acf":[],"yoast_head":"<!-- This site is optimized with the Yoast SEO plugin v23.5 - https:\/\/yoast.com\/wordpress\/plugins\/seo\/ -->\n<title>La Petite Halle - Le Carrou\u00e8ge<\/title>\n<meta name=\"description\" content=\"Thierry, Sylvie, Malika, Catherine, Mich\u00e8le, Jean-Fran\u00e7ois, Patricia, C\u00e9cile, Fu fen, Anne F, Patrick, Anne D vous accueillent: le mercredi de 10h \u00e0 13h et le Samedi du 1er avril au 1er novembre de 15h30 \u00e0 19h00 et du Samedi 1er novembre au 1er avril de 15h30 \u00e0 18h Delphine assure la distribution du pain (command\u00e9 au plus tard le jeudi pr\u00e9c\u00e9dent): le samedi de 16h30 \u00e0 17h30.\" \/>\n<meta name=\"robots\" content=\"index, follow, max-snippet:-1, max-image-preview:large, max-video-preview:-1\" \/>\n<link rel=\"canonical\" href=\"https:\/\/www.lecarrouege.org\/index.php\/la-petite-halle\/\" \/>\n<meta property=\"og:locale\" content=\"fr_FR\" \/>\n<meta property=\"og:type\" content=\"article\" \/>\n<meta property=\"og:title\" content=\"La Petite Halle - Le Carrou\u00e8ge\" \/>\n<meta property=\"og:description\" content=\"Thierry, Sylvie, Malika, Catherine, Mich\u00e8le, Jean-Fran\u00e7ois, Patricia, C\u00e9cile, Fu fen, Anne F, Patrick, Anne D vous accueillent: le mercredi de 10h \u00e0 13h et le Samedi du 1er avril au 1er novembre de 15h30 \u00e0 19h00 et du Samedi 1er novembre au 1er avril de 15h30 \u00e0 18h Delphine assure la distribution du pain (command\u00e9 au plus tard le jeudi pr\u00e9c\u00e9dent): le samedi de 16h30 \u00e0 17h30.\" \/>\n<meta property=\"og:url\" content=\"https:\/\/www.lecarrouege.org\/index.php\/la-petite-halle\/\" \/>\n<meta property=\"og:site_name\" content=\"Le Carrou\u00e8ge\" \/>\n<meta property=\"article:publisher\" content=\"https:\/\/www.facebook.com\/AdretMorvan\/\" \/>\n<meta property=\"article:modified_time\" content=\"2024-09-23T16:50:40+00:00\" \/>\n<meta property=\"og:image\" content=\"https:\/\/www.lecarrouege.org\/wp-content\/uploads\/2020\/06\/Bandeaux-boutique-LT.jpg\" \/>\n\t<meta property=\"og:image:width\" content=\"1800\" \/>\n\t<meta property=\"og:image:height\" content=\"594\" \/>\n\t<meta property=\"og:image:type\" content=\"image\/jpeg\" \/>\n<meta name=\"twitter:card\" content=\"summary_large_image\" \/>\n<meta name=\"twitter:label1\" content=\"Dur\u00e9e de lecture estim\u00e9e\" \/>\n\t<meta name=\"twitter:data1\" content=\"1 minute\" \/>\n<script type=\"application\/ld+json\" class=\"yoast-schema-graph\">{\"@context\":\"https:\/\/schema.org\",\"@graph\":[{\"@type\":\"WebPage\",\"@id\":\"https:\/\/www.lecarrouege.org\/index.php\/la-petite-halle\/\",\"url\":\"https:\/\/www.lecarrouege.org\/index.php\/la-petite-halle\/\",\"name\":\"La Petite Halle - Le Carrou\u00e8ge\",\"isPartOf\":{\"@id\":\"https:\/\/www.lecarrouege.org\/#website\"},\"primaryImageOfPage\":{\"@id\":\"https:\/\/www.lecarrouege.org\/index.php\/la-petite-halle\/#primaryimage\"},\"image\":{\"@id\":\"https:\/\/www.lecarrouege.org\/index.php\/la-petite-halle\/#primaryimage\"},\"thumbnailUrl\":\"https:\/\/www.lecarrouege.org\/wp-content\/uploads\/2020\/06\/Bandeaux-boutique-LT.jpg\",\"datePublished\":\"2020-05-15T10:27:46+00:00\",\"dateModified\":\"2024-09-23T16:50:40+00:00\",\"description\":\"Thierry, Sylvie, Malika, Catherine, Mich\u00e8le, Jean-Fran\u00e7ois, Patricia, C\u00e9cile, Fu fen, Anne F, Patrick, Anne D vous accueillent: le mercredi de 10h \u00e0 13h et le Samedi du 1er avril au 1er novembre de 15h30 \u00e0 19h00 et du Samedi 1er novembre au 1er avril de 15h30 \u00e0 18h Delphine assure la distribution du pain (command\u00e9 au plus tard le jeudi pr\u00e9c\u00e9dent): le samedi de 16h30 \u00e0 17h30.\",\"breadcrumb\":{\"@id\":\"https:\/\/www.lecarrouege.org\/index.php\/la-petite-halle\/#breadcrumb\"},\"inLanguage\":\"fr-FR\",\"potentialAction\":[{\"@type\":\"ReadAction\",\"target\":[\"https:\/\/www.lecarrouege.org\/index.php\/la-petite-halle\/\"]}]},{\"@type\":\"ImageObject\",\"inLanguage\":\"fr-FR\",\"@id\":\"https:\/\/www.lecarrouege.org\/index.php\/la-petite-halle\/#primaryimage\",\"url\":\"https:\/\/www.lecarrouege.org\/wp-content\/uploads\/2020\/06\/Bandeaux-boutique-LT.jpg\",\"contentUrl\":\"https:\/\/www.lecarrouege.org\/wp-content\/uploads\/2020\/06\/Bandeaux-boutique-LT.jpg\",\"width\":1800,\"height\":594,\"caption\":\"Une boutique privil\u00e9giant les circuits courts, le local et le bio\"},{\"@type\":\"BreadcrumbList\",\"@id\":\"https:\/\/www.lecarrouege.org\/index.php\/la-petite-halle\/#breadcrumb\",\"itemListElement\":[{\"@type\":\"ListItem\",\"position\":1,\"name\":\"Accueil\",\"item\":\"https:\/\/www.lecarrouege.org\/\"},{\"@type\":\"ListItem\",\"position\":2,\"name\":\"La Petite Halle\"}]},{\"@type\":\"WebSite\",\"@id\":\"https:\/\/www.lecarrouege.org\/#website\",\"url\":\"https:\/\/www.lecarrouege.org\/\",\"name\":\"Le Carrou\u00e8ge\",\"description\":\"L&#039;\u00e9colieu d&#039;Adret Morvan\",\"potentialAction\":[{\"@type\":\"SearchAction\",\"target\":{\"@type\":\"EntryPoint\",\"urlTemplate\":\"https:\/\/www.lecarrouege.org\/?s={search_term_string}\"},\"query-input\":{\"@type\":\"PropertyValueSpecification\",\"valueRequired\":true,\"valueName\":\"search_term_string\"}}],\"inLanguage\":\"fr-FR\"}]}<\/script>\n<!-- \/ Yoast SEO plugin. -->","yoast_head_json":{"title":"La Petite Halle - Le Carrou\u00e8ge","description":"Thierry, Sylvie, Malika, Catherine, Mich\u00e8le, Jean-Fran\u00e7ois, Patricia, C\u00e9cile, Fu fen, Anne F, Patrick, Anne D vous accueillent: le mercredi de 10h \u00e0 13h et le Samedi du 1er avril au 1er novembre de 15h30 \u00e0 19h00 et du Samedi 1er novembre au 1er avril de 15h30 \u00e0 18h Delphine assure la distribution du pain (command\u00e9 au plus tard le jeudi pr\u00e9c\u00e9dent): le samedi de 16h30 \u00e0 17h30.","robots":{"index":"index","follow":"follow","max-snippet":"max-snippet:-1","max-image-preview":"max-image-preview:large","max-video-preview":"max-video-preview:-1"},"canonical":"https:\/\/www.lecarrouege.org\/index.php\/la-petite-halle\/","og_locale":"fr_FR","og_type":"article","og_title":"La Petite Halle - Le Carrou\u00e8ge","og_description":"Thierry, Sylvie, Malika, Catherine, Mich\u00e8le, Jean-Fran\u00e7ois, Patricia, C\u00e9cile, Fu fen, Anne F, Patrick, Anne D vous accueillent: le mercredi de 10h \u00e0 13h et le Samedi du 1er avril au 1er novembre de 15h30 \u00e0 19h00 et du Samedi 1er novembre au 1er avril de 15h30 \u00e0 18h Delphine assure la distribution du pain (command\u00e9 au plus tard le jeudi pr\u00e9c\u00e9dent): le samedi de 16h30 \u00e0 17h30.","og_url":"https:\/\/www.lecarrouege.org\/index.php\/la-petite-halle\/","og_site_name":"Le Carrou\u00e8ge","article_publisher":"https:\/\/www.facebook.com\/AdretMorvan\/","article_modified_time":"2024-09-23T16:50:40+00:00","og_image":[{"width":1800,"height":594,"url":"https:\/\/www.lecarrouege.org\/wp-content\/uploads\/2020\/06\/Bandeaux-boutique-LT.jpg","type":"image\/jpeg"}],"twitter_card":"summary_large_image","twitter_misc":{"Dur\u00e9e de lecture estim\u00e9e":"1 minute"},"schema":{"@context":"https:\/\/schema.org","@graph":[{"@type":"WebPage","@id":"https:\/\/www.lecarrouege.org\/index.php\/la-petite-halle\/","url":"https:\/\/www.lecarrouege.org\/index.php\/la-petite-halle\/","name":"La Petite Halle - Le Carrou\u00e8ge","isPartOf":{"@id":"https:\/\/www.lecarrouege.org\/#website"},"primaryImageOfPage":{"@id":"https:\/\/www.lecarrouege.org\/index.php\/la-petite-halle\/#primaryimage"},"image":{"@id":"https:\/\/www.lecarrouege.org\/index.php\/la-petite-halle\/#primaryimage"},"thumbnailUrl":"https:\/\/www.lecarrouege.org\/wp-content\/uploads\/2020\/06\/Bandeaux-boutique-LT.jpg","datePublished":"2020-05-15T10:27:46+00:00","dateModified":"2024-09-23T16:50:40+00:00","description":"Thierry, Sylvie, Malika, Catherine, Mich\u00e8le, Jean-Fran\u00e7ois, Patricia, C\u00e9cile, Fu fen, Anne F, Patrick, Anne D vous accueillent: le mercredi de 10h \u00e0 13h et le Samedi du 1er avril au 1er novembre de 15h30 \u00e0 19h00 et du Samedi 1er novembre au 1er avril de 15h30 \u00e0 18h Delphine assure la distribution du pain (command\u00e9 au plus tard le jeudi pr\u00e9c\u00e9dent): le samedi de 16h30 \u00e0 17h30.","breadcrumb":{"@id":"https:\/\/www.lecarrouege.org\/index.php\/la-petite-halle\/#breadcrumb"},"inLanguage":"fr-FR","potentialAction":[{"@type":"ReadAction","target":["https:\/\/www.lecarrouege.org\/index.php\/la-petite-halle\/"]}]},{"@type":"ImageObject","inLanguage":"fr-FR","@id":"https:\/\/www.lecarrouege.org\/index.php\/la-petite-halle\/#primaryimage","url":"https:\/\/www.lecarrouege.org\/wp-content\/uploads\/2020\/06\/Bandeaux-boutique-LT.jpg","contentUrl":"https:\/\/www.lecarrouege.org\/wp-content\/uploads\/2020\/06\/Bandeaux-boutique-LT.jpg","width":1800,"height":594,"caption":"Une boutique privil\u00e9giant les circuits courts, le local et le bio"},{"@type":"BreadcrumbList","@id":"https:\/\/www.lecarrouege.org\/index.php\/la-petite-halle\/#breadcrumb","itemListElement":[{"@type":"ListItem","position":1,"name":"Accueil","item":"https:\/\/www.lecarrouege.org\/"},{"@type":"ListItem","position":2,"name":"La Petite Halle"}]},{"@type":"WebSite","@id":"https:\/\/www.lecarrouege.org\/#website","url":"https:\/\/www.lecarrouege.org\/","name":"Le Carrou\u00e8ge","description":"L&#039;\u00e9colieu d&#039;Adret Morvan","potentialAction":[{"@type":"SearchAction","target":{"@type":"EntryPoint","urlTemplate":"https:\/\/www.lecarrouege.org\/?s={search_term_string}"},"query-input":{"@type":"PropertyValueSpecification","valueRequired":true,"valueName":"search_term_string"}}],"inLanguage":"fr-FR"}]}},"mfb_rest_fields":["yoast_head","yoast_head_json"],"_links":{"self":[{"href":"https:\/\/www.lecarrouege.org\/index.php\/wp-json\/wp\/v2\/pages\/22"}],"collection":[{"href":"https:\/\/www.lecarrouege.org\/index.php\/wp-json\/wp\/v2\/pages"}],"about":[{"href":"https:\/\/www.lecarrouege.org\/index.php\/wp-json\/wp\/v2\/types\/page"}],"author":[{"embeddable":true,"href":"https:\/\/www.lecarrouege.org\/index.php\/wp-json\/wp\/v2\/users\/1"}],"replies":[{"embeddable":true,"href":"https:\/\/www.lecarrouege.org\/index.php\/wp-json\/wp\/v2\/comments?post=22"}],"version-history":[{"count":8,"href":"https:\/\/www.lecarrouege.org\/index.php\/wp-json\/wp\/v2\/pages\/22\/revisions"}],"predecessor-version":[{"id":2831,"href":"https:\/\/www.lecarrouege.org\/index.php\/wp-json\/wp\/v2\/pages\/22\/revisions\/2831"}],"wp:featuredmedia":[{"embeddable":true,"href":"https:\/\/www.lecarrouege.org\/index.php\/wp-json\/wp\/v2\/media\/128"}],"wp:attachment":[{"href":"https:\/\/www.lecarrouege.org\/index.php\/wp-json\/wp\/v2\/media?parent=22"}],"curies":[{"name":"wp","href":"https:\/\/api.w.org\/{rel}","templated":true}]}}